{"id":629,"date":"2025-02-10T00:53:17","date_gmt":"2025-02-10T00:53:17","guid":{"rendered":"https:\/\/porfolio.thatta.es\/?page_id=629"},"modified":"2025-02-10T00:55:27","modified_gmt":"2025-02-10T00:55:27","slug":"microexpresiones-test","status":"publish","type":"page","link":"https:\/\/porfolio.thatta.es\/?page_id=629","title":{"rendered":"Test de microexpresiones"},"content":{"rendered":"<p>[et_pb_section fb_built=\u00bb1&#8243; admin_label=\u00bbHeader\u00bb _builder_version=\u00bb4.16&#8243; _module_preset=\u00bbdefault\u00bb custom_width_px__hover=\u00bb1080px\u00bb custom_width_px__hover_enabled=\u00bb1080px\u00bb custom_width_percent__hover=\u00bb80%\u00bb custom_width_percent__hover_enabled=\u00bb80%\u00bb locked=\u00bboff\u00bb global_colors_info=\u00bb{}\u00bb parallax_1__hover=\u00bboff\u00bb parallax_1__hover_enabled=\u00bboff\u00bb parallax_2__hover=\u00bboff\u00bb parallax_2__hover_enabled=\u00bboff\u00bb parallax_3__hover=\u00bboff\u00bb parallax_3__hover_enabled=\u00bboff\u00bb parallax_method_1__hover=\u00bbon\u00bb parallax_method_1__hover_enabled=\u00bbon\u00bb parallax_method_2__hover=\u00bbon\u00bb parallax_method_2__hover_enabled=\u00bbon\u00bb parallax_method_3__hover=\u00bbon\u00bb parallax_method_3__hover_enabled=\u00bbon\u00bb use_background_color_gradient__hover=\u00bboff\u00bb use_background_color_gradient__hover_enabled=\u00bboff\u00bb background_color_gradient_start__hover=\u00bb#2b87da\u00bb background_color_gradient_start__hover_enabled=\u00bb#2b87da\u00bb background_color_gradient_end__hover=\u00bb#29c4a9&#8243; background_color_gradient_end__hover_enabled=\u00bb#29c4a9&#8243; background_color_gradient_type__hover=\u00bblinear\u00bb background_color_gradient_type__hover_enabled=\u00bblinear\u00bb background_color_gradient_direction__hover=\u00bb180deg\u00bb background_color_gradient_direction__hover_enabled=\u00bb180deg\u00bb background_color_gradient_direction_radial__hover=\u00bbcenter\u00bb background_color_gradient_direction_radial__hover_enabled=\u00bbcenter\u00bb background_color_gradient_start_position__hover=\u00bb0%\u00bb background_color_gradient_start_position__hover_enabled=\u00bb0%\u00bb background_color_gradient_end_position__hover=\u00bb100%\u00bb background_color_gradient_end_position__hover_enabled=\u00bb100%\u00bb background_color_gradient_overlays_image__hover=\u00bboff\u00bb background_color_gradient_overlays_image__hover_enabled=\u00bboff\u00bb parallax__hover=\u00bboff\u00bb parallax__hover_enabled=\u00bboff\u00bb parallax_method__hover=\u00bbon\u00bb parallax_method__hover_enabled=\u00bbon\u00bb background_size__hover=\u00bbcover\u00bb background_size__hover_enabled=\u00bbcover\u00bb background_position__hover=\u00bbcenter\u00bb background_position__hover_enabled=\u00bbcenter\u00bb background_repeat__hover=\u00bbno-repeat\u00bb background_repeat__hover_enabled=\u00bbno-repeat\u00bb background_blend__hover=\u00bbnormal\u00bb background_blend__hover_enabled=\u00bbnormal\u00bb allow_player_pause__hover=\u00bboff\u00bb allow_player_pause__hover_enabled=\u00bboff\u00bb background_video_pause_outside_viewport__hover=\u00bbon\u00bb background_video_pause_outside_viewport__hover_enabled=\u00bbon\u00bb inner_shadow__hover=\u00bboff\u00bb inner_shadow__hover_enabled=\u00bboff\u00bb make_fullwidth__hover=\u00bboff\u00bb make_fullwidth__hover_enabled=\u00bboff\u00bb use_custom_width__hover=\u00bboff\u00bb use_custom_width__hover_enabled=\u00bboff\u00bb width_unit__hover=\u00bbon\u00bb width_unit__hover_enabled=\u00bbon\u00bb make_equal__hover=\u00bboff\u00bb make_equal__hover_enabled=\u00bboff\u00bb use_custom_gutter__hover=\u00bboff\u00bb use_custom_gutter__hover_enabled=\u00bboff\u00bb border_radii__hover=\u00bbon||||\u00bb border_radii__hover_enabled=\u00bbon||||\u00bb box_shadow_style__hover=\u00bbnone\u00bb box_shadow_style__hover_enabled=\u00bbnone\u00bb box_shadow_color__hover=\u00bbrgba(0,0,0,0.3)\u00bb box_shadow_color__hover_enabled=\u00bbrgba(0,0,0,0.3)\u00bb max_width__hover=\u00bb100%\u00bb max_width__hover_enabled=\u00bb100%\u00bb filter_hue_rotate__hover=\u00bb0deg\u00bb filter_hue_rotate__hover_enabled=\u00bb0deg\u00bb filter_saturate__hover=\u00bb100%\u00bb filter_saturate__hover_enabled=\u00bb100%\u00bb filter_brightness__hover=\u00bb100%\u00bb filter_brightness__hover_enabled=\u00bb100%\u00bb filter_contrast__hover=\u00bb100%\u00bb filter_contrast__hover_enabled=\u00bb100%\u00bb filter_invert__hover=\u00bb0%\u00bb filter_invert__hover_enabled=\u00bb0%\u00bb filter_sepia__hover=\u00bb0%\u00bb filter_sepia__hover_enabled=\u00bb0%\u00bb filter_opacity__hover=\u00bb100%\u00bb filter_opacity__hover_enabled=\u00bb100%\u00bb filter_blur__hover=\u00bb0px\u00bb filter_blur__hover_enabled=\u00bb0px\u00bb mix_blend_mode__hover=\u00bbnormal\u00bb mix_blend_mode__hover_enabled=\u00bbnormal\u00bb animation_style__hover=\u00bbnone\u00bb animation_style__hover_enabled=\u00bbnone\u00bb animation_repeat__hover=\u00bbonce\u00bb animation_repeat__hover_enabled=\u00bbonce\u00bb animation_direction__hover=\u00bbcenter\u00bb animation_direction__hover_enabled=\u00bbcenter\u00bb animation_duration__hover=\u00bb1000ms\u00bb animation_duration__hover_enabled=\u00bb1000ms\u00bb animation_delay__hover=\u00bb0ms\u00bb animation_delay__hover_enabled=\u00bb0ms\u00bb animation_intensity_slide__hover=\u00bb50%\u00bb animation_intensity_slide__hover_enabled=\u00bb50%\u00bb animation_intensity_zoom__hover=\u00bb50%\u00bb animation_intensity_zoom__hover_enabled=\u00bb50%\u00bb animation_intensity_flip__hover=\u00bb50%\u00bb animation_intensity_flip__hover_enabled=\u00bb50%\u00bb animation_intensity_fold__hover=\u00bb50%\u00bb animation_intensity_fold__hover_enabled=\u00bb50%\u00bb animation_intensity_roll__hover=\u00bb50%\u00bb animation_intensity_roll__hover_enabled=\u00bb50%\u00bb animation_starting_opacity__hover=\u00bb0%\u00bb animation_starting_opacity__hover_enabled=\u00bb0%\u00bb animation_speed_curve__hover=\u00bbease-in-out\u00bb animation_speed_curve__hover_enabled=\u00bbease-in-out\u00bb hover_transition_duration__hover=\u00bb300ms\u00bb hover_transition_duration__hover_enabled=\u00bb300ms\u00bb hover_transition_delay__hover=\u00bb0ms\u00bb hover_transition_delay__hover_enabled=\u00bb0ms\u00bb hover_transition_speed_curve__hover=\u00bbease\u00bb hover_transition_speed_curve__hover_enabled=\u00bbease\u00bb background_color_gradient_stops__hover=\u00bb#2b87da 0%|#29c4a9 100%\u00bb][et_pb_row _builder_version=\u00bb4.16&#8243; _module_preset=\u00bbdefault\u00bb locked=\u00bboff\u00bb global_colors_info=\u00bb{}\u00bb][et_pb_column type=\u00bb4_4&#8243; saved_specialty_column_type=\u00bb1_2&#8243; _builder_version=\u00bb4.16&#8243; _module_preset=\u00bbdefault\u00bb custom_padding=\u00bb|||\u00bb global_colors_info=\u00bb{}\u00bb parallax__hover=\u00bboff\u00bb parallax_method__hover=\u00bbon\u00bb custom_padding__hover=\u00bb|||\u00bb][et_pb_divider color=\u00bb#ad23ed\u00bb divider_weight=\u00bb16px\u00bb _builder_version=\u00bb4.17.3&#8243; _module_preset=\u00bbdefault\u00bb max_width=\u00bb48px\u00bb module_alignment=\u00bbcenter\u00bb global_colors_info=\u00bb{}\u00bb][\/et_pb_divider][et_pb_text _builder_version=\u00bb4.27.4&#8243; _module_preset=\u00bbdefault\u00bb text_font=\u00bb||||||||\u00bb text_line_height=\u00bb2em\u00bb header_font=\u00bbPoppins|600|||||||\u00bb header_font_size=\u00bb50px\u00bb header_line_height=\u00bb1.3em\u00bb text_orientation=\u00bbcenter\u00bb header_font_size_tablet=\u00bb30px\u00bb header_font_size_phone=\u00bb24px\u00bb header_font_size_last_edited=\u00bbon|desktop\u00bb global_colors_info=\u00bb{}\u00bb]<\/p>\n<h1>Test de microexpresiones<\/h1>\n<p>[\/et_pb_text][et_pb_image src=\u00bbhttps:\/\/porfolio.thatta.es\/wp-content\/uploads\/2025\/02\/Mesa-de-trabajo-1logo-.png\u00bb title_text=\u00bbMesa de trabajo 1logo-\u00bb align=\u00bbcenter\u00bb _builder_version=\u00bb4.27.4&#8243; _module_preset=\u00bbdefault\u00bb max_height=\u00bb190px\u00bb global_colors_info=\u00bb{}\u00bb][\/et_pb_image][et_pb_text _builder_version=\u00bb4.27.4&#8243; _module_preset=\u00bbdefault\u00bb text_font=\u00bb||||||||\u00bb text_font_size=\u00bb18px\u00bb text_line_height=\u00bb2em\u00bb header_font=\u00bbPoppins|600|||||||\u00bb header_font_size=\u00bb40px\u00bb header_line_height=\u00bb1.3em\u00bb text_orientation=\u00bbcenter\u00bb hover_enabled=\u00bb0&#8243; text_font_size_tablet=\u00bb16px\u00bb text_font_size_phone=\u00bb14px\u00bb text_font_size_last_edited=\u00bbon|phone\u00bb locked=\u00bboff\u00bb global_colors_info=\u00bb{}\u00bb sticky_enabled=\u00bb0&#8243;]<\/p>\n<p>Las microexpresiones son expresiones faciales breves e involuntarias que revelan emociones ocultas. Aunque duran solo una fracci\u00f3n de segundo, proporcionan informaci\u00f3n valiosa sobre los sentimientos genuinos de una persona. Reconocer estas se\u00f1ales puede mejorar significativamente la comunicaci\u00f3n y la empat\u00eda.<\/p>\n<p>Este test interactivo est\u00e1 dise\u00f1ado para evaluar y mejorar tu capacidad para identificar microexpresiones faciales. A trav\u00e9s de una serie de im\u00e1genes, podr\u00e1s practicar y afinar tus habilidades de percepci\u00f3n emocional.<\/p>\n<p>[\/et_pb_text][\/et_pb_column][\/et_pb_row][\/et_pb_section][et_pb_section fb_built=\u00bb1&#8243; admin_label=\u00bbStrategy\u00bb _builder_version=\u00bb4.27.4&#8243; _module_preset=\u00bbdefault\u00bb background_color=\u00bb#00594e\u00bb custom_margin=\u00bb|40px||40px||true\u00bb custom_margin_tablet=\u00bb\u00bb custom_margin_phone=\u00bb|10px||10px||true\u00bb custom_margin_last_edited=\u00bbon|desktop\u00bb global_colors_info=\u00bb{}\u00bb][et_pb_row column_structure=\u00bb2_5,3_5&#8243; _builder_version=\u00bb4.16&#8243; _module_preset=\u00bbdefault\u00bb global_colors_info=\u00bb{}\u00bb][et_pb_column type=\u00bb2_5&#8243; _builder_version=\u00bb4.16&#8243; _module_preset=\u00bbdefault\u00bb custom_padding=\u00bb|||\u00bb global_colors_info=\u00bb{}\u00bb custom_padding__hover=\u00bb|||\u00bb][et_pb_image src=\u00bbhttps:\/\/porfolio.thatta.es\/wp-content\/uploads\/2025\/02\/Screenshot_20250108_191910.png\u00bb title_text=\u00bbScreenshot_20250108_191910&#8243; align=\u00bbcenter\u00bb _builder_version=\u00bb4.27.4&#8243; _module_preset=\u00bbdefault\u00bb max_width=\u00bb57%\u00bb hover_enabled=\u00bb0&#8243; global_colors_info=\u00bb{}\u00bb sticky_enabled=\u00bb0&#8243;][\/et_pb_image][\/et_pb_column][et_pb_column _builder_version=\u00bb4.27.4&#8243; _module_preset=\u00bbdefault\u00bb type=\u00bb3_5&#8243;][et_pb_text _builder_version=\u00bb4.27.4&#8243; _module_preset=\u00bbdefault\u00bb text_font=\u00bb||||||||\u00bb text_line_height=\u00bb2em\u00bb link_font=\u00bb||||||||\u00bb link_text_color=\u00bb#3fd3ce\u00bb header_font=\u00bb||||||||\u00bb header_2_font=\u00bbPoppins|600|||||||\u00bb header_2_font_size=\u00bb32px\u00bb header_2_line_height=\u00bb1.6em\u00bb header_3_font=\u00bbPoppins|600|||||||\u00bb header_3_font_size=\u00bb20px\u00bb header_3_line_height=\u00bb1.6em\u00bb background_layout=\u00bbdark\u00bb hover_enabled=\u00bb0&#8243; header_2_font_size_tablet=\u00bb24px\u00bb header_2_font_size_phone=\u00bb18px\u00bb header_2_font_size_last_edited=\u00bbon|phone\u00bb header_3_font_size_tablet=\u00bb\u00bb header_3_font_size_phone=\u00bb16px\u00bb header_3_font_size_last_edited=\u00bbon|phone\u00bb locked=\u00bboff\u00bb global_colors_info=\u00bb{}\u00bb sticky_enabled=\u00bb0&#8243;]<\/p>\n<p><strong>Caracter\u00edsticas del Test:<\/strong><\/p>\n<ul>\n<li>\n<p><strong>Interfaz Intuitiva:<\/strong> Dise\u00f1o limpio y sencillo que facilita la navegaci\u00f3n y la concentraci\u00f3n en las im\u00e1genes presentadas.<\/p>\n<\/li>\n<li>\n<p><strong>Variedad de Emociones:<\/strong> Incluye una amplia gama de emociones b\u00e1sicas y complejas para una evaluaci\u00f3n completa.<\/p>\n<\/li>\n<li>\n<p><strong>Retroalimentaci\u00f3n Inmediata:<\/strong> Recibe comentarios instant\u00e1neos sobre tus respuestas para un aprendizaje efectivo.<\/p>\n<\/li>\n<li>\n<p><strong>Resultados Detallados:<\/strong> Al finalizar, obtendr\u00e1s un an\u00e1lisis detallado de tu desempe\u00f1o, destacando \u00e1reas de fortaleza y oportunidades de mejora.<\/p>\n<\/li>\n<\/ul>\n<p><strong>Beneficios de Participar:<\/strong><\/p>\n<ul>\n<li>\n<p><strong>Mejora de la Inteligencia Emocional:<\/strong> Desarrolla una mayor conciencia de las emociones ajenas y propias.<\/p>\n<\/li>\n<li>\n<p><strong>Comunicaci\u00f3n Efectiva:<\/strong> Aprende a interpretar se\u00f1ales no verbales para interactuar de manera m\u00e1s efectiva en entornos personales y profesionales.<\/p>\n<\/li>\n<li>\n<p><strong>Desarrollo Personal:<\/strong> Ampl\u00eda tu comprensi\u00f3n de las emociones humanas y mejora tus habilidades sociales.<\/p>\n<\/li>\n<\/ul>\n<p>[\/et_pb_text][\/et_pb_column][\/et_pb_row][et_pb_row column_structure=\u00bb3_5,2_5&#8243; _builder_version=\u00bb4.19.2&#8243; _module_preset=\u00bbdefault\u00bb global_colors_info=\u00bb{}\u00bb][et_pb_column type=\u00bb3_5&#8243; _builder_version=\u00bb4.16&#8243; _module_preset=\u00bbdefault\u00bb custom_padding=\u00bb|||\u00bb global_colors_info=\u00bb{}\u00bb custom_padding__hover=\u00bb|||\u00bb][et_pb_text _builder_version=\u00bb4.27.4&#8243; _module_preset=\u00bbdefault\u00bb text_font=\u00bb||||||||\u00bb text_line_height=\u00bb2em\u00bb link_font=\u00bb||||||||\u00bb link_text_color=\u00bb#3fd3ce\u00bb header_font=\u00bb||||||||\u00bb header_2_font=\u00bbPoppins|600|||||||\u00bb header_2_font_size=\u00bb80px\u00bb header_2_line_height=\u00bb1.4em\u00bb header_3_font=\u00bbPoppins|600|||||||\u00bb header_3_font_size=\u00bb20px\u00bb header_3_line_height=\u00bb1.6em\u00bb background_layout=\u00bbdark\u00bb hover_enabled=\u00bb0&#8243; header_2_font_size_tablet=\u00bb24px\u00bb header_2_font_size_phone=\u00bb18px\u00bb header_2_font_size_last_edited=\u00bbon|phone\u00bb header_3_font_size_tablet=\u00bb\u00bb header_3_font_size_phone=\u00bb16px\u00bb header_3_font_size_last_edited=\u00bbon|phone\u00bb locked=\u00bboff\u00bb global_colors_info=\u00bb{}\u00bb sticky_enabled=\u00bb0&#8243;]<\/p>\n<h3><strong>Arquitectura y Estructura del C\u00f3digo<\/strong><\/h3>\n<p>El <strong>Test de Microexpresiones<\/strong> sigue el patr\u00f3n <strong>MVVM (Model-View-ViewModel)<\/strong>, con una estructura modular que garantiza escalabilidad y mantenibilidad.<\/p>\n<p><strong>Estructura del Proyecto:<\/strong><\/p>\n<ul>\n<li><strong>UI (Jetpack Compose):<\/strong> Pantallas, navegaci\u00f3n y componentes reutilizables.<\/li>\n<li><strong>ViewModel (Hilt DI):<\/strong> Gesti\u00f3n del estado y l\u00f3gica de presentaci\u00f3n.<\/li>\n<li><strong>Dominio:<\/strong> Casos de uso que encapsulan la l\u00f3gica de negocio.<\/li>\n<li><strong>Datos (Room Database):<\/strong> Persistencia de estad\u00edsticas y respuestas del usuario.<\/li>\n<\/ul>\n<p>\ud83d\udd39 <strong>Principales Tecnolog\u00edas:<\/strong><\/p>\n<ul>\n<li><strong>Kotlin + Jetpack Compose<\/strong> para una UI declarativa y fluida.<\/li>\n<li><strong>StateFlow \/ LiveData<\/strong> para reactividad.<\/li>\n<li><strong>Hilt<\/strong> para inyecci\u00f3n de dependencias.<\/li>\n<li><strong>Animaciones con Lottie y Compose<\/strong> para mejorar la experiencia de usuario.<\/li>\n<\/ul>\n<p>\ud83d\udd39 <strong>Flujo de la Aplicaci\u00f3n:<\/strong><br \/><strong>Inicio:<\/strong> Selecci\u00f3n entre test, estad\u00edsticas o aprendizaje.<br \/><strong>Test:<\/strong> Evaluaci\u00f3n en tiempo real con feedback visual.<br \/><strong>An\u00e1lisis:<\/strong> Se registran respuestas y confusiones para mejorar la experiencia.<\/p>\n<p>El c\u00f3digo es <strong>modular y escalable<\/strong>, permitiendo futuras mejoras como <strong>Machine Learning<\/strong> o <strong>modo multijugador<\/strong>.<\/p>\n<p>[\/et_pb_text][\/et_pb_column][et_pb_column type=\u00bb2_5&#8243; _builder_version=\u00bb4.16&#8243; _module_preset=\u00bbdefault\u00bb custom_padding=\u00bb|||\u00bb global_colors_info=\u00bb{}\u00bb custom_padding__hover=\u00bb|||\u00bb][et_pb_image src=\u00bbhttps:\/\/porfolio.thatta.es\/wp-content\/uploads\/2025\/02\/Screenshot_20250108_191939.png\u00bb title_text=\u00bbScreenshot_20250108_191939&#8243; align=\u00bbcenter\u00bb _builder_version=\u00bb4.27.4&#8243; _module_preset=\u00bbdefault\u00bb max_width=\u00bb81%\u00bb hover_enabled=\u00bb0&#8243; global_colors_info=\u00bb{}\u00bb sticky_enabled=\u00bb0&#8243;][\/et_pb_image][\/et_pb_column][\/et_pb_row][et_pb_row _builder_version=\u00bb4.19.2&#8243; _module_preset=\u00bbdefault\u00bb global_colors_info=\u00bb{}\u00bb][et_pb_column type=\u00bb4_4&#8243; _builder_version=\u00bb4.16&#8243; _module_preset=\u00bbdefault\u00bb custom_padding=\u00bb|||\u00bb global_colors_info=\u00bb{}\u00bb custom_padding__hover=\u00bb|||\u00bb][et_pb_button button_url=\u00bb#\u00bb button_text=\u00bbVer en Google Play store\u00bb button_alignment=\u00bbcenter\u00bb _builder_version=\u00bb4.27.4&#8243; _module_preset=\u00bbdefault\u00bb custom_button=\u00bbon\u00bb button_text_size=\u00bb12px\u00bb button_text_color=\u00bb#FFFFFF\u00bb button_bg_color=\u00bb#E09900&#8243; button_border_width=\u00bb0px\u00bb button_border_radius=\u00bb100px\u00bb button_letter_spacing=\u00bb1px\u00bb button_font=\u00bbPoppins|600||on|||||\u00bb button_icon=\u00bb&#xe046;||divi||400&#8243; button_on_hover=\u00bboff\u00bb custom_padding=\u00bb14px|58px|14px|40px|true|false\u00bb hover_enabled=\u00bb0&#8243; box_shadow_style=\u00bbpreset3&#8243; box_shadow_vertical=\u00bb30px\u00bb box_shadow_blur=\u00bb40px\u00bb box_shadow_spread=\u00bb-16px\u00bb box_shadow_color=\u00bbrgba(28,165,255,0.24)\u00bb locked=\u00bboff\u00bb global_colors_info=\u00bb{}\u00bb sticky_enabled=\u00bb0&#8243;][\/et_pb_button][\/et_pb_column][\/et_pb_row][\/et_pb_section][et_pb_section fb_built=\u00bb1&#8243; _builder_version=\u00bb4.17.3&#8243; _module_preset=\u00bbdefault\u00bb global_colors_info=\u00bb{}\u00bb][et_pb_row _builder_version=\u00bb4.19.2&#8243; _module_preset=\u00bbdefault\u00bb global_colors_info=\u00bb{}\u00bb][et_pb_column type=\u00bb4_4&#8243; _builder_version=\u00bb4.17.3&#8243; _module_preset=\u00bbdefault\u00bb global_colors_info=\u00bb{}\u00bb][et_pb_button button_url=\u00bb@ET-DC@eyJkeW5hbWljIjp0cnVlLCJjb250ZW50IjoicG9zdF9saW5rX3VybF9wYWdlIiwic2V0dGluZ3MiOnsicG9zdF9pZCI6IjM3In19@\u00bb button_text=\u00bbVolver al porfolio\u00bb button_alignment=\u00bbcenter\u00bb _builder_version=\u00bb4.17.3&#8243; _dynamic_attributes=\u00bbbutton_url\u00bb _module_preset=\u00bbdefault\u00bb custom_button=\u00bbon\u00bb button_text_size=\u00bb12px\u00bb button_text_color=\u00bb#ffffff\u00bb button_bg_color=\u00bb#75c7ff\u00bb button_border_width=\u00bb2px\u00bb button_border_color=\u00bbrgba(145,145,145,0.26)\u00bb button_border_radius=\u00bb100px\u00bb button_letter_spacing=\u00bb1px\u00bb button_font=\u00bbPoppins|600||on|||||\u00bb button_icon=\u00bb&#xe046;||divi||400&#8243; button_on_hover=\u00bboff\u00bb custom_padding=\u00bb14px|58px|14px|40px|true|false\u00bb box_shadow_style=\u00bbpreset3&#8243; box_shadow_vertical=\u00bb30px\u00bb box_shadow_blur=\u00bb40px\u00bb box_shadow_spread=\u00bb-16px\u00bb box_shadow_color=\u00bbrgba(28,165,255,0.24)\u00bb locked=\u00bboff\u00bb global_colors_info=\u00bb{}\u00bb][\/et_pb_button][\/et_pb_column][\/et_pb_row][\/et_pb_section]<\/p>\n","protected":false},"excerpt":{"rendered":"<p>Test de microexpresionesLas microexpresiones son expresiones faciales breves e involuntarias que revelan emociones ocultas. Aunque duran solo una fracci\u00f3n de segundo, proporcionan informaci\u00f3n valiosa sobre los sentimientos genuinos de una persona. Reconocer estas se\u00f1ales puede mejorar significativamente la comunicaci\u00f3n y la empat\u00eda. Este test interactivo est\u00e1 dise\u00f1ado para evaluar y mejorar tu capacidad para identificar [&hellip;]<\/p>\n","protected":false},"author":1,"featured_media":0,"parent":0,"menu_order":0,"comment_status":"closed","ping_status":"closed","template":"","meta":{"_et_pb_use_builder":"on","_et_pb_old_content":"","_et_gb_content_width":"","footnotes":""},"class_list":["post-629","page","type-page","status-publish","hentry"],"yoast_head":"<!-- This site is optimized with the Yoast SEO plugin v26.7 - https:\/\/yoast.com\/wordpress\/plugins\/seo\/ -->\n<title>Test de microexpresiones - Porfolio personal<\/title>\n<meta name=\"robots\" content=\"noindex, follow, max-snippet:-1, max-image-preview:large, max-video-preview:-1\" \/>\n<meta property=\"og:locale\" content=\"es_ES\" \/>\n<meta property=\"og:type\" content=\"article\" \/>\n<meta property=\"og:title\" content=\"Test de microexpresiones - Porfolio personal\" \/>\n<meta property=\"og:description\" content=\"Test de microexpresionesLas microexpresiones son expresiones faciales breves e involuntarias que revelan emociones ocultas. Aunque duran solo una fracci\u00f3n de segundo, proporcionan informaci\u00f3n valiosa sobre los sentimientos genuinos de una persona. Reconocer estas se\u00f1ales puede mejorar significativamente la comunicaci\u00f3n y la empat\u00eda. Este test interactivo est\u00e1 dise\u00f1ado para evaluar y mejorar tu capacidad para identificar [&hellip;]\" \/>\n<meta property=\"og:url\" content=\"https:\/\/porfolio.thatta.es\/?page_id=629\" \/>\n<meta property=\"og:site_name\" content=\"Porfolio personal\" \/>\n<meta property=\"article:modified_time\" content=\"2025-02-10T00:55:27+00:00\" \/>\n<meta name=\"twitter:card\" content=\"summary_large_image\" \/>\n<meta name=\"twitter:label1\" content=\"Tiempo de lectura\" \/>\n\t<meta name=\"twitter:data1\" content=\"10 minutos\" \/>\n<script type=\"application\/ld+json\" class=\"yoast-schema-graph\">{\"@context\":\"https:\/\/schema.org\",\"@graph\":[{\"@type\":\"WebPage\",\"@id\":\"https:\/\/porfolio.thatta.es\/?page_id=629\",\"url\":\"https:\/\/porfolio.thatta.es\/?page_id=629\",\"name\":\"Test de microexpresiones - Porfolio personal\",\"isPartOf\":{\"@id\":\"https:\/\/porfolio.thatta.es\/#website\"},\"datePublished\":\"2025-02-10T00:53:17+00:00\",\"dateModified\":\"2025-02-10T00:55:27+00:00\",\"breadcrumb\":{\"@id\":\"https:\/\/porfolio.thatta.es\/?page_id=629#breadcrumb\"},\"inLanguage\":\"es\",\"potentialAction\":[{\"@type\":\"ReadAction\",\"target\":[\"https:\/\/porfolio.thatta.es\/?page_id=629\"]}]},{\"@type\":\"BreadcrumbList\",\"@id\":\"https:\/\/porfolio.thatta.es\/?page_id=629#breadcrumb\",\"itemListElement\":[{\"@type\":\"ListItem\",\"position\":1,\"name\":\"Portada\",\"item\":\"https:\/\/porfolio.thatta.es\/\"},{\"@type\":\"ListItem\",\"position\":2,\"name\":\"Test de microexpresiones\"}]},{\"@type\":\"WebSite\",\"@id\":\"https:\/\/porfolio.thatta.es\/#website\",\"url\":\"https:\/\/porfolio.thatta.es\/\",\"name\":\"Porfolio personal\",\"description\":\"S. \u00c1lvarez\",\"potentialAction\":[{\"@type\":\"SearchAction\",\"target\":{\"@type\":\"EntryPoint\",\"urlTemplate\":\"https:\/\/porfolio.thatta.es\/?s={search_term_string}\"},\"query-input\":{\"@type\":\"PropertyValueSpecification\",\"valueRequired\":true,\"valueName\":\"search_term_string\"}}],\"inLanguage\":\"es\"}]}<\/script>\n<!-- \/ Yoast SEO plugin. -->","yoast_head_json":{"title":"Test de microexpresiones - Porfolio personal","robots":{"index":"noindex","follow":"follow","max-snippet":"max-snippet:-1","max-image-preview":"max-image-preview:large","max-video-preview":"max-video-preview:-1"},"og_locale":"es_ES","og_type":"article","og_title":"Test de microexpresiones - Porfolio personal","og_description":"Test de microexpresionesLas microexpresiones son expresiones faciales breves e involuntarias que revelan emociones ocultas. Aunque duran solo una fracci\u00f3n de segundo, proporcionan informaci\u00f3n valiosa sobre los sentimientos genuinos de una persona. Reconocer estas se\u00f1ales puede mejorar significativamente la comunicaci\u00f3n y la empat\u00eda. Este test interactivo est\u00e1 dise\u00f1ado para evaluar y mejorar tu capacidad para identificar [&hellip;]","og_url":"https:\/\/porfolio.thatta.es\/?page_id=629","og_site_name":"Porfolio personal","article_modified_time":"2025-02-10T00:55:27+00:00","twitter_card":"summary_large_image","twitter_misc":{"Tiempo de lectura":"10 minutos"},"schema":{"@context":"https:\/\/schema.org","@graph":[{"@type":"WebPage","@id":"https:\/\/porfolio.thatta.es\/?page_id=629","url":"https:\/\/porfolio.thatta.es\/?page_id=629","name":"Test de microexpresiones - Porfolio personal","isPartOf":{"@id":"https:\/\/porfolio.thatta.es\/#website"},"datePublished":"2025-02-10T00:53:17+00:00","dateModified":"2025-02-10T00:55:27+00:00","breadcrumb":{"@id":"https:\/\/porfolio.thatta.es\/?page_id=629#breadcrumb"},"inLanguage":"es","potentialAction":[{"@type":"ReadAction","target":["https:\/\/porfolio.thatta.es\/?page_id=629"]}]},{"@type":"BreadcrumbList","@id":"https:\/\/porfolio.thatta.es\/?page_id=629#breadcrumb","itemListElement":[{"@type":"ListItem","position":1,"name":"Portada","item":"https:\/\/porfolio.thatta.es\/"},{"@type":"ListItem","position":2,"name":"Test de microexpresiones"}]},{"@type":"WebSite","@id":"https:\/\/porfolio.thatta.es\/#website","url":"https:\/\/porfolio.thatta.es\/","name":"Porfolio personal","description":"S. \u00c1lvarez","potentialAction":[{"@type":"SearchAction","target":{"@type":"EntryPoint","urlTemplate":"https:\/\/porfolio.thatta.es\/?s={search_term_string}"},"query-input":{"@type":"PropertyValueSpecification","valueRequired":true,"valueName":"search_term_string"}}],"inLanguage":"es"}]}},"jetpack_sharing_enabled":true,"_links":{"self":[{"href":"https:\/\/porfolio.thatta.es\/index.php?rest_route=\/wp\/v2\/pages\/629","targetHints":{"allow":["GET"]}}],"collection":[{"href":"https:\/\/porfolio.thatta.es\/index.php?rest_route=\/wp\/v2\/pages"}],"about":[{"href":"https:\/\/porfolio.thatta.es\/index.php?rest_route=\/wp\/v2\/types\/page"}],"author":[{"embeddable":true,"href":"https:\/\/porfolio.thatta.es\/index.php?rest_route=\/wp\/v2\/users\/1"}],"replies":[{"embeddable":true,"href":"https:\/\/porfolio.thatta.es\/index.php?rest_route=%2Fwp%2Fv2%2Fcomments&post=629"}],"version-history":[{"count":7,"href":"https:\/\/porfolio.thatta.es\/index.php?rest_route=\/wp\/v2\/pages\/629\/revisions"}],"predecessor-version":[{"id":640,"href":"https:\/\/porfolio.thatta.es\/index.php?rest_route=\/wp\/v2\/pages\/629\/revisions\/640"}],"wp:attachment":[{"href":"https:\/\/porfolio.thatta.es\/index.php?rest_route=%2Fwp%2Fv2%2Fmedia&parent=629"}],"curies":[{"name":"wp","href":"https:\/\/api.w.org\/{rel}","templated":true}]}}